{"id":30,"date":"2025-04-30T22:24:41","date_gmt":"2025-04-30T22:24:41","guid":{"rendered":"https:\/\/rayess.com.tr\/?page_id=30"},"modified":"2025-05-08T22:46:07","modified_gmt":"2025-05-08T22:46:07","slug":"30-2","status":"publish","type":"page","link":"https:\/\/rayess.com.tr\/index.php\/30-2\/","title":{"rendered":"Hakk\u0131m\u0131zda"},"content":{"rendered":"<!-- Google Font: Inter -->\n<link href=\"https:\/\/fonts.googleapis.com\/css2?family=Inter:wght@400;600&#038;display=swap\" rel=\"stylesheet\">\n\n<!-- Genel Stil Ayar\u0131 -->\n<style>\n  body {\n    font-family: 'Inter', sans-serif;\n    color: #333;\n    line-height: 1.8;\n    font-size: 18px;\n    margin: 0;\n    padding: 0;\n  }\n  section {\n    padding: 60px 20px;\n  }\n  h1, h2 {\n    font-family: 'Inter', sans-serif;\n    color: #4a3f35;\n    margin-bottom: 20px;\n  }\n  p {\n    text-align: justify;\n    margin-bottom: 20px;\n  }\n<\/style>\n\n<!-- Sayfa Ba\u015fl\u0131\u011f\u0131 -->\n<section style=\"background-color: #fdfbf8; text-align: center;\">\n  <h1 style=\"font-size: 48px;\">Rayess Chocolate<\/h1>\n  <p style=\"font-size: 20px; color: #6c584c;\">Butik bir \u00e7ikolata markas\u0131ndan, global bir deneyime&#8230;<\/p>\n<\/section>\n\n\n\n  <p>Rayess Chocolate, 2017 y\u0131l\u0131nda Bolu\u2019da \u00e7ikolata ustalar\u0131n\u0131n rehberli\u011finde do\u011fmu\u015f butik bir \u00e7ikolata markas\u0131d\u0131r. Ger\u00e7ek Bel\u00e7ika \u00e7ikolatas\u0131 ve saf kakao ya\u011f\u0131 ile \u00fcretti\u011fi y\u00fcksek kaliteli \u00fcr\u00fcnleri, do\u011fal T\u00fcrk lezzetleriyle bulu\u015fturarak k\u0131sa s\u00fcrede T\u00fcrkiye&#8217;nin ve d\u00fcnyan\u0131n dikkatini \u00e7ekmeyi ba\u015farm\u0131\u015ft\u0131r.<\/p>\n  <p>Rayess Chocolate; T\u00fcrkiye\u2019de Bolu (D-100 Karayolu), Eski\u015fehir Cassaba Modern AVM, \u0130zmir G\u00fczelbah\u00e7e ve Narven Termal Kasaba\u2019daki ma\u011fazalar\u0131yla hizmet verirken, Almanya, \u0130svi\u00e7re ve Hollanda gibi Avrupa \u00fclkelerine de aktif ihracat ger\u00e7ekle\u015ftirmektedir.<\/p>\n  <p>\u00dcr\u00fcn portf\u00f6y\u00fcm\u00fczde tescilli ve patentli \u201cYaprak \u00c7ikolata\u201d konseptimiz \u00f6ne \u00e7\u0131kmaktad\u0131r. Bu yenilik\u00e7i \u00fcr\u00fcn formu do\u011fay\u0131, zarafeti ve kaliteyi temsil ederken; \u201c\u00c7ikolata \u00c7e\u015fmesi\u201d markas\u0131yla da tescilli, fonksiyonel ve faydal\u0131 model onayl\u0131 \u00e7ikolata ak\u0131\u015f sistemiyle sekt\u00f6r\u00fcm\u00fczde farkl\u0131la\u015fmaktay\u0131z.<\/p>\n  <p>Rayess\u2019in \u00e7ikolata d\u00fcnyas\u0131 sadece l\u00fcks segment \u00fcr\u00fcnlerden ibaret de\u011fildir. Ekonomik seri markam\u0131z olan Kozalak \u00c7ikolata, daha ula\u015f\u0131labilir fiyatlarla t\u00fcketicilere benzersiz bir tat sunarken, Angel Hair ve Kaday\u0131fl\u0131 K\u00fcl\u00e7e \u00c7ikolata gibi inovatif \u00fcr\u00fcnlerle lezzet yelpazemizi geni\u015fletiyoruz.<\/p>\n  <p>Rayess Chocolate, dijital d\u00fcnyada da b\u00fcy\u00fcmeye devam etmektedir. Online sat\u0131\u015f platformlar\u0131 \u00fczerinden \u201ckahve yan\u0131 \u00e7ikolata\u201d konsepti ile hem bireysel t\u00fcketicilere hem de i\u015fletmelere \u00f6zel \u00fcr\u00fcnler sunulmaktad\u0131r.<\/p>\n<\/section>\n\n<!-- Vizyon -->\n<section style=\"background-color: #f5f0eb;\">\n  <h2 style=\"font-size: 32px;\">Vizyonumuz<\/h2>\n  <p>Rayess Chocolate olarak vizyonumuz; do\u011fall\u0131k, zarafet ve yenilik\u00e7ili\u011fi temel alan \u00e7ikolata anlay\u0131\u015f\u0131m\u0131zla, T\u00fcrkiye\u2019nin \u00f6nde gelen premium \u00e7ikolata markas\u0131 olman\u0131n \u00f6tesine ge\u00e7erek, d\u00fcnya genelinde tercih edilen, g\u00fcvenilen ve de\u011fer verilen bir marka haline gelmektir.<\/p>\n  <p>Patentli yaprak \u00e7ikolata, tescilli \u00e7ikolata \u00e7e\u015fmesi ve \u00f6zg\u00fcn \u00fcr\u00fcn tasar\u0131mlar\u0131m\u0131zla hem butik hem end\u00fcstriyel pazarda fark yaratan bir marka olmak; s\u00fcrd\u00fcr\u00fclebilir \u00fcretim, uluslararas\u0131 kalite belgeleri ve dijitalle\u015fme vizyonu do\u011frultusunda b\u00fcy\u00fcyerek, Avrupa ba\u015fta olmak \u00fczere d\u00fcnya pazarlar\u0131nda g\u00fc\u00e7l\u00fc ve kal\u0131c\u0131 bir yer edinmeyi ama\u00e7l\u0131yoruz.<\/p>\n<\/section>\n\n<!-- Misyon -->\n<section style=\"background-color: #ffffff;\">\n  <h2 style=\"font-size: 32px;\">Misyonumuz<\/h2>\n  <p>Rayess Chocolate olarak misyonumuz; \u00e7ikolataya duydu\u011fumuz tutkuyu, y\u00fcksek kalite standartlar\u0131 ve yarat\u0131c\u0131 tasar\u0131mlarla birle\u015ftirerek, her damakta unutulmaz izler b\u0131rakacak \u00fcr\u00fcnler \u00fcretmektir.<\/p>\n  <p>Ger\u00e7ek Bel\u00e7ika \u00e7ikolatas\u0131, saf kakao ya\u011f\u0131 ve T\u00fcrkiye&#8217;nin en \u00f6zel y\u00f6resel lezzetlerini bir araya getirerek geli\u015ftirdi\u011fimiz \u00fcr\u00fcnlerle; do\u011fall\u0131ktan \u00f6d\u00fcn vermeyen, yenilik\u00e7i ve g\u00fcvenilir bir marka olmay\u0131 ilke ediniyoruz.<\/p>\n  <p>Rayess Chocolate olarak s\u00fcrd\u00fcr\u00fclebilir \u00fcretim anlay\u0131\u015f\u0131, sosyal sorumluluk bilinci ve ihracat odakl\u0131 b\u00fcy\u00fcme stratejimizle hem i\u00e7 hem de d\u0131\u015f pazarda T\u00fcrk \u00e7ikolatas\u0131n\u0131 en iyi \u015fekilde temsil etmeye kararl\u0131y\u0131z.<\/p>\n<\/section>\n\n\n<figure class=\"wp-block-image size-large\"><img loading=\"lazy\" decoding=\"async\" width=\"1024\" height=\"683\" src=\"https:\/\/rayess.com.tr\/wp-content\/uploads\/2025\/05\/IMG_7760-1-1024x683.jpg\" alt=\"\" class=\"wp-image-235\" srcset=\"https:\/\/rayess.com.tr\/wp-content\/uploads\/2025\/05\/IMG_7760-1-1024x683.jpg 1024w, https:\/\/rayess.com.tr\/wp-content\/uploads\/2025\/05\/IMG_7760-1-300x200.jpg 300w, https:\/\/rayess.com.tr\/wp-content\/uploads\/2025\/05\/IMG_7760-1-768x512.jpg 768w, https:\/\/rayess.com.tr\/wp-content\/uploads\/2025\/05\/IMG_7760-1-1536x1024.jpg 1536w, https:\/\/rayess.com.tr\/wp-content\/uploads\/2025\/05\/IMG_7760-1-2048x1365.jpg 2048w, https:\/\/rayess.com.tr\/wp-content\/uploads\/2025\/05\/IMG_7760-1-600x400.jpg 600w\" sizes=\"auto, (max-width: 1024px) 100vw, 1024px\" \/><\/figure>\n","protected":false},"excerpt":{"rendered":"<p>Rayess Chocolate Butik bir \u00e7ikolata markas\u0131ndan, global bir deneyime&#8230; Rayess Chocolate, 2017 y\u0131l\u0131nda Bolu\u2019da \u00e7ikolata ustalar\u0131n\u0131n rehberli\u011finde do\u011fmu\u015f butik bir \u00e7ikolata markas\u0131d\u0131r. Ger\u00e7ek Bel\u00e7ika \u00e7ikolatas\u0131 ve saf kakao ya\u011f\u0131 ile \u00fcretti\u011fi y\u00fcksek kaliteli \u00fcr\u00fcnleri, do\u011fal T\u00fcrk lezzetleriyle bulu\u015fturarak k\u0131sa s\u00fcrede T\u00fcrkiye&#8217;nin ve d\u00fcnyan\u0131n dikkatini \u00e7ekmeyi ba\u015farm\u0131\u015ft\u0131r. Rayess Chocolate; T\u00fcrkiye\u2019de Bolu (D-100 Karayolu), Eski\u015fehir Cassaba Modern [&hellip;]<\/p>\n","protected":false},"author":1,"featured_media":0,"parent":0,"menu_order":0,"comment_status":"closed","ping_status":"closed","template":"","meta":{"_themeisle_gutenberg_block_has_review":false,"footnotes":""},"class_list":["post-30","page","type-page","status-publish","hentry"],"_links":{"self":[{"href":"https:\/\/rayess.com.tr\/index.php\/wp-json\/wp\/v2\/pages\/30","targetHints":{"allow":["GET"]}}],"collection":[{"href":"https:\/\/rayess.com.tr\/index.php\/wp-json\/wp\/v2\/pages"}],"about":[{"href":"https:\/\/rayess.com.tr\/index.php\/wp-json\/wp\/v2\/types\/page"}],"author":[{"embeddable":true,"href":"https:\/\/rayess.com.tr\/index.php\/wp-json\/wp\/v2\/users\/1"}],"replies":[{"embeddable":true,"href":"https:\/\/rayess.com.tr\/index.php\/wp-json\/wp\/v2\/comments?post=30"}],"version-history":[{"count":8,"href":"https:\/\/rayess.com.tr\/index.php\/wp-json\/wp\/v2\/pages\/30\/revisions"}],"predecessor-version":[{"id":236,"href":"https:\/\/rayess.com.tr\/index.php\/wp-json\/wp\/v2\/pages\/30\/revisions\/236"}],"wp:attachment":[{"href":"https:\/\/rayess.com.tr\/index.php\/wp-json\/wp\/v2\/media?parent=30"}],"curies":[{"name":"wp","href":"https:\/\/api.w.org\/{rel}","templated":true}]}}